{"id":2487,"date":"2023-06-12T15:30:18","date_gmt":"2023-06-12T13:30:18","guid":{"rendered":"https:\/\/monsieurbataillie.com\/?page_id=2487"},"modified":"2023-06-12T15:38:40","modified_gmt":"2023-06-12T13:38:40","slug":"newsletter-book-3d","status":"publish","type":"page","link":"https:\/\/monsieurbataillie.com\/index.php\/newsletter-book-3d\/","title":{"rendered":"Newsletter Book 3D"},"content":{"rendered":"\t\t<div data-elementor-type=\"wp-page\" data-elementor-id=\"2487\" class=\"elementor elementor-2487\">\n\t\t\t\t\t\t\t\t\t<section class=\"elementor-section elementor-top-section elementor-element elementor-element-6a9b6c8 elementor-section-boxed elementor-section-height-default elementor-section-height-default\" data-id=\"6a9b6c8\" data-element_type=\"section\">\n\t\t\t\t\t\t<div class=\"elementor-container elementor-column-gap-default\">\n\t\t\t\t\t<div class=\"elementor-column elementor-col-100 elementor-top-column elementor-element elementor-element-5af4530\" data-id=\"5af4530\" data-element_type=\"column\">\n\t\t\t<div class=\"elementor-widget-wrap elementor-element-populated\">\n\t\t\t\t\t\t\t\t<div class=\"elementor-element elementor-element-67847b9 elementor-widget elementor-widget-heading\" data-id=\"67847b9\" data-element_type=\"widget\" data-widget_type=\"heading.default\">\n\t\t\t\t<div class=\"elementor-widget-container\">\n\t\t\t<h1 class=\"elementor-heading-title elementor-size-xxl\">Tu veux t'inscrire \u00e0 la newsletter pour te tenir inform\u00e9 des news du livre de 3D ? <\/h1>\t\t<\/div>\n\t\t\t\t<\/div>\n\t\t\t\t\t<\/div>\n\t\t<\/div>\n\t\t\t\t\t\t\t<\/div>\n\t\t<\/section>\n\t\t\t\t<section class=\"elementor-section elementor-top-section elementor-element elementor-element-33585b4 elementor-section-boxed elementor-section-height-default elementor-section-height-default\" data-id=\"33585b4\" data-element_type=\"section\">\n\t\t\t\t\t\t<div class=\"elementor-container elementor-column-gap-default\">\n\t\t\t\t\t<div class=\"elementor-column elementor-col-50 elementor-top-column elementor-element elementor-element-400779b\" data-id=\"400779b\" data-element_type=\"column\">\n\t\t\t<div class=\"elementor-widget-wrap elementor-element-populated\">\n\t\t\t\t\t\t\t\t<div class=\"elementor-element elementor-element-12c3baa elementor-widget elementor-widget-shortcode\" data-id=\"12c3baa\" data-element_type=\"widget\" data-widget_type=\"shortcode.default\">\n\t\t\t\t<div class=\"elementor-widget-container\">\n\t\t\t\t\t<div class=\"elementor-shortcode\">\n<div class=\"wpcf7 no-js\" id=\"wpcf7-f2486-o1\" lang=\"en-US\" dir=\"ltr\">\n<div class=\"screen-reader-response\"><p role=\"status\" aria-live=\"polite\" aria-atomic=\"true\"><\/p> <ul><\/ul><\/div>\n<form action=\"\/index.php\/wp-json\/wp\/v2\/pages\/2487#wpcf7-f2486-o1\" method=\"post\" class=\"wpcf7-form init\" aria-label=\"Contact form\" novalidate=\"novalidate\" data-status=\"init\">\n<div style=\"display: none;\">\n<input type=\"hidden\" name=\"_wpcf7\" value=\"2486\" \/>\n<input type=\"hidden\" name=\"_wpcf7_version\" value=\"5.8.3\" \/>\n<input type=\"hidden\" name=\"_wpcf7_locale\" value=\"en_US\" \/>\n<input type=\"hidden\" name=\"_wpcf7_unit_tag\" value=\"wpcf7-f2486-o1\" \/>\n<input type=\"hidden\" name=\"_wpcf7_container_post\" value=\"0\" \/>\n<input type=\"hidden\" name=\"_wpcf7_posted_data_hash\" value=\"\" \/>\n<\/div>\n<p><label> Ton p'tit nom<br \/>\n<span class=\"wpcf7-form-control-wrap\" data-name=\"your-name\"><input size=\"40\" class=\"wpcf7-form-control wpcf7-text wpcf7-validates-as-required\" autocomplete=\"name\" aria-required=\"true\" aria-invalid=\"false\" value=\"\" type=\"text\" name=\"your-name\" \/><\/span> <\/label>\n<\/p>\n<p><label> Ton email<br \/>\n<span class=\"wpcf7-form-control-wrap\" data-name=\"your-email\"><input size=\"40\" class=\"wpcf7-form-control wpcf7-email wpcf7-validates-as-required wpcf7-text wpcf7-validates-as-email\" autocomplete=\"email\" aria-required=\"true\" aria-invalid=\"false\" value=\"\" type=\"email\" name=\"your-email\" \/><\/span> <\/label>\n<\/p>\n<p><label> Tu as quel \u00e2ge ?<br \/>\n<span class=\"wpcf7-form-control-wrap\" data-name=\"age\"><span class=\"wpcf7-form-control wpcf7-checkbox wpcf7-exclusive-checkbox\"><span class=\"wpcf7-list-item first\"><label><input type=\"checkbox\" name=\"age\" value=\"10-15 ans\" \/><span class=\"wpcf7-list-item-label\">10-15 ans<\/span><\/label><\/span><span class=\"wpcf7-list-item\"><label><input type=\"checkbox\" name=\"age\" value=\"15-20 ans\" \/><span class=\"wpcf7-list-item-label\">15-20 ans<\/span><\/label><\/span><span class=\"wpcf7-list-item\"><label><input type=\"checkbox\" name=\"age\" value=\"20-30 ans\" \/><span class=\"wpcf7-list-item-label\">20-30 ans<\/span><\/label><\/span><span class=\"wpcf7-list-item\"><label><input type=\"checkbox\" name=\"age\" value=\"30-40 ans\" \/><span class=\"wpcf7-list-item-label\">30-40 ans<\/span><\/label><\/span><span class=\"wpcf7-list-item last\"><label><input type=\"checkbox\" name=\"age\" value=\"50+\" \/><span class=\"wpcf7-list-item-label\">50+<\/span><\/label><\/span><\/span><\/span><\/label>\n<\/p>\n<p><label> Tu t'y connais en 3D ?<br \/>\n<span class=\"wpcf7-form-control-wrap\" data-name=\"niveau\"><span class=\"wpcf7-form-control wpcf7-checkbox wpcf7-exclusive-checkbox\"><span class=\"wpcf7-list-item first\"><label><input type=\"checkbox\" name=\"niveau\" value=\"Pas du tout\" \/><span class=\"wpcf7-list-item-label\">Pas du tout<\/span><\/label><\/span><span class=\"wpcf7-list-item\"><label><input type=\"checkbox\" name=\"niveau\" value=\"Un peu\" \/><span class=\"wpcf7-list-item-label\">Un peu<\/span><\/label><\/span><span class=\"wpcf7-list-item\"><label><input type=\"checkbox\" name=\"niveau\" value=\"Un petit peu plus\" \/><span class=\"wpcf7-list-item-label\">Un petit peu plus<\/span><\/label><\/span><span class=\"wpcf7-list-item\"><label><input type=\"checkbox\" name=\"niveau\" value=\"\u00c7a va\" \/><span class=\"wpcf7-list-item-label\">\u00c7a va<\/span><\/label><\/span><span class=\"wpcf7-list-item\"><label><input type=\"checkbox\" name=\"niveau\" value=\"C&#039;est Ok\" \/><span class=\"wpcf7-list-item-label\">C&#039;est Ok<\/span><\/label><\/span><span class=\"wpcf7-list-item\"><label><input type=\"checkbox\" name=\"niveau\" value=\"Plus pas mal\" \/><span class=\"wpcf7-list-item-label\">Plus pas mal<\/span><\/label><\/span><span class=\"wpcf7-list-item last\"><label><input type=\"checkbox\" name=\"niveau\" value=\"Je g\u00e8re\" \/><span class=\"wpcf7-list-item-label\">Je g\u00e8re<\/span><\/label><\/span><\/span><\/span> <\/label>\n<\/p>\n<p><label> Comment t'es tomb\u00e9 sur ce p'tit projet ?<br \/>\n<span class=\"wpcf7-form-control-wrap\" data-name=\"reseau\"><span class=\"wpcf7-form-control wpcf7-checkbox\"><span class=\"wpcf7-list-item first\"><label><input type=\"checkbox\" name=\"reseau[]\" value=\"Instagram\" \/><span class=\"wpcf7-list-item-label\">Instagram<\/span><\/label><\/span><span class=\"wpcf7-list-item\"><label><input type=\"checkbox\" name=\"reseau[]\" value=\"Facebook\" \/><span class=\"wpcf7-list-item-label\">Facebook<\/span><\/label><\/span><span class=\"wpcf7-list-item\"><label><input type=\"checkbox\" name=\"reseau[]\" value=\"Des copains \/ copines\" \/><span class=\"wpcf7-list-item-label\">Des copains \/ copines<\/span><\/label><\/span><span class=\"wpcf7-list-item\"><label><input type=\"checkbox\" name=\"reseau[]\" value=\"Un (super) prof\" \/><span class=\"wpcf7-list-item-label\">Un (super) prof<\/span><\/label><\/span><span class=\"wpcf7-list-item\"><label><input type=\"checkbox\" name=\"reseau[]\" value=\"La famille\" \/><span class=\"wpcf7-list-item-label\">La famille<\/span><\/label><\/span><span class=\"wpcf7-list-item last\"><label><input type=\"checkbox\" name=\"reseau[]\" value=\"On s&#039;est rencontr\u00e9 toi et moi\" \/><span class=\"wpcf7-list-item-label\">On s&#039;est rencontr\u00e9 toi et moi<\/span><\/label><\/span><\/span><\/span> <\/label><br \/>\n<label> Autre<br \/>\n<span class=\"wpcf7-form-control-wrap\" data-name=\"autre\"><input size=\"40\" class=\"wpcf7-form-control wpcf7-text\" aria-invalid=\"false\" placeholder=\"Dis m&#039;en plus stp\" value=\"\" type=\"text\" name=\"autre\" \/><\/span><\/label>\n<\/p>\n<p><label> Tu as \u00e9t\u00e9 parrain\u00e9 par quelqu'un ?<br \/>\n<span class=\"wpcf7-form-control-wrap\" data-name=\"parrain\"><input size=\"40\" class=\"wpcf7-form-control wpcf7-text\" aria-invalid=\"false\" placeholder=\"C KI ?\" value=\"\" type=\"text\" name=\"parrain\" \/><\/span> <\/label>\n<\/p>\n<p><label> \ud83d\udc90\ud83c\udf37\ud83c\udf39\ud83c\udf3c\ud83c\udf3b<br \/>\n<span class=\"wpcf7-form-control-wrap\" data-name=\"mot\"><input size=\"40\" class=\"wpcf7-form-control wpcf7-text\" aria-invalid=\"false\" placeholder=\"Un petit mot pour moi ?\" value=\"\" type=\"text\" name=\"mot\" \/><\/span> <\/label>\n<\/p>\n<p><input class=\"wpcf7-form-control wpcf7-submit has-spinner\" type=\"submit\" value=\"Envoyer\ud83d\udc8c\" \/>\n<\/p>\n<p>This form uses Akismet to reduce spam. <a target=\"_blank\" rel=\"nofollow noopener\" href=\"https:\/\/akismet.com\/privacy\/\">Learn how your data is processed.<\/a>\n<\/p><p style=\"display: none !important;\" class=\"akismet-fields-container\" data-prefix=\"_wpcf7_ak_\"><label>&#916;<textarea name=\"_wpcf7_ak_hp_textarea\" cols=\"45\" rows=\"8\" maxlength=\"100\"><\/textarea><\/label><input type=\"hidden\" id=\"ak_js_1\" name=\"_wpcf7_ak_js\" value=\"183\"\/><script>document.getElementById( \"ak_js_1\" ).setAttribute( \"value\", ( new Date() ).getTime() );<\/script><\/p><div class=\"wpcf7-response-output\" aria-hidden=\"true\"><\/div>\n<\/form>\n<\/div>\n<\/div>\n\t\t\t\t<\/div>\n\t\t\t\t<\/div>\n\t\t\t\t\t<\/div>\n\t\t<\/div>\n\t\t\t\t<div class=\"elementor-column elementor-col-50 elementor-top-column elementor-element elementor-element-8f0a53e\" data-id=\"8f0a53e\" data-element_type=\"column\">\n\t\t\t<div class=\"elementor-widget-wrap elementor-element-populated\">\n\t\t\t\t\t\t\t\t<div class=\"elementor-element elementor-element-2e31338 elementor-widget elementor-widget-image\" data-id=\"2e31338\" data-element_type=\"widget\" data-widget_type=\"image.default\">\n\t\t\t\t<div class=\"elementor-widget-container\">\n\t\t\t\t\t\t\t\t\t\t\t\t\t\t\t<img loading=\"lazy\" decoding=\"async\" width=\"722\" height=\"1024\" src=\"https:\/\/monsieurbataillie.com\/wp-content\/uploads\/2023\/06\/Carte-fleurblanc-722x1024.png\" class=\"attachment-large size-large wp-image-2494\" alt=\"\" srcset=\"https:\/\/monsieurbataillie.com\/wp-content\/uploads\/2023\/06\/Carte-fleurblanc-722x1024.png 722w, https:\/\/monsieurbataillie.com\/wp-content\/uploads\/2023\/06\/Carte-fleurblanc-211x300.png 211w, https:\/\/monsieurbataillie.com\/wp-content\/uploads\/2023\/06\/Carte-fleurblanc-768x1090.png 768w, https:\/\/monsieurbataillie.com\/wp-content\/uploads\/2023\/06\/Carte-fleurblanc-1083x1536.png 1083w, https:\/\/monsieurbataillie.com\/wp-content\/uploads\/2023\/06\/Carte-fleurblanc-1444x2048.png 1444w, https:\/\/monsieurbataillie.com\/wp-content\/uploads\/2023\/06\/Carte-fleurblanc-500x709.png 500w, https:\/\/monsieurbataillie.com\/wp-content\/uploads\/2023\/06\/Carte-fleurblanc.png 1748w\" sizes=\"auto, (max-width: 722px) 100vw, 722px\" \/>\t\t\t\t\t\t\t\t\t\t\t\t\t\t\t<\/div>\n\t\t\t\t<\/div>\n\t\t\t\t\t<\/div>\n\t\t<\/div>\n\t\t\t\t\t\t\t<\/div>\n\t\t<\/section>\n\t\t\t\t<section class=\"elementor-section elementor-top-section elementor-element elementor-element-887c00d elementor-section-boxed elementor-section-height-default elementor-section-height-default\" data-id=\"887c00d\" data-element_type=\"section\">\n\t\t\t\t\t\t<div class=\"elementor-container elementor-column-gap-default\">\n\t\t\t\t\t<div class=\"elementor-column elementor-col-100 elementor-top-column elementor-element elementor-element-0fd1815\" data-id=\"0fd1815\" data-element_type=\"column\">\n\t\t\t<div class=\"elementor-widget-wrap elementor-element-populated\">\n\t\t\t\t\t\t\t\t<div class=\"elementor-element elementor-element-d7cff81 elementor-widget elementor-widget-heading\" data-id=\"d7cff81\" data-element_type=\"widget\" data-widget_type=\"heading.default\">\n\t\t\t\t<div class=\"elementor-widget-container\">\n\t\t\t<h1 class=\"elementor-heading-title elementor-size-xxl\">MERCI<\/h1>\t\t<\/div>\n\t\t\t\t<\/div>\n\t\t\t\t\t<\/div>\n\t\t<\/div>\n\t\t\t\t\t\t\t<\/div>\n\t\t<\/section>\n\t\t\t\t<section class=\"elementor-section elementor-top-section elementor-element elementor-element-ffe7021 elementor-section-boxed elementor-section-height-default elementor-section-height-default\" data-id=\"ffe7021\" data-element_type=\"section\">\n\t\t\t\t\t\t<div class=\"elementor-container elementor-column-gap-default\">\n\t\t\t\t\t<div class=\"elementor-column elementor-col-100 elementor-top-column elementor-element elementor-element-04480d8\" data-id=\"04480d8\" data-element_type=\"column\">\n\t\t\t<div class=\"elementor-widget-wrap elementor-element-populated\">\n\t\t\t\t\t\t\t\t<div class=\"elementor-element elementor-element-04d8dbd elementor-widget elementor-widget-spacer\" data-id=\"04d8dbd\" data-element_type=\"widget\" data-widget_type=\"spacer.default\">\n\t\t\t\t<div class=\"elementor-widget-container\">\n\t\t\t\t\t<div class=\"elementor-spacer\">\n\t\t\t<div class=\"elementor-spacer-inner\"><\/div>\n\t\t<\/div>\n\t\t\t\t<\/div>\n\t\t\t\t<\/div>\n\t\t\t\t\t<\/div>\n\t\t<\/div>\n\t\t\t\t\t\t\t<\/div>\n\t\t<\/section>\n\t\t\t\t\t\t\t<\/div>\n\t\t","protected":false},"excerpt":{"rendered":"<p>Tu veux t&#8217;inscrire \u00e0 la newsletter pour te tenir inform\u00e9 des news du livre de 3D ? MERCI<\/p>\n","protected":false},"author":1,"featured_media":2489,"parent":0,"menu_order":0,"comment_status":"closed","ping_status":"closed","template":"elementor_header_footer","meta":{"footnotes":""},"class_list":["post-2487","page","type-page","status-publish","has-post-thumbnail","hentry"],"_links":{"self":[{"href":"https:\/\/monsieurbataillie.com\/index.php\/wp-json\/wp\/v2\/pages\/2487","targetHints":{"allow":["GET"]}}],"collection":[{"href":"https:\/\/monsieurbataillie.com\/index.php\/wp-json\/wp\/v2\/pages"}],"about":[{"href":"https:\/\/monsieurbataillie.com\/index.php\/wp-json\/wp\/v2\/types\/page"}],"author":[{"embeddable":true,"href":"https:\/\/monsieurbataillie.com\/index.php\/wp-json\/wp\/v2\/users\/1"}],"replies":[{"embeddable":true,"href":"https:\/\/monsieurbataillie.com\/index.php\/wp-json\/wp\/v2\/comments?post=2487"}],"version-history":[{"count":7,"href":"https:\/\/monsieurbataillie.com\/index.php\/wp-json\/wp\/v2\/pages\/2487\/revisions"}],"predecessor-version":[{"id":2497,"href":"https:\/\/monsieurbataillie.com\/index.php\/wp-json\/wp\/v2\/pages\/2487\/revisions\/2497"}],"wp:featuredmedia":[{"embeddable":true,"href":"https:\/\/monsieurbataillie.com\/index.php\/wp-json\/wp\/v2\/media\/2489"}],"wp:attachment":[{"href":"https:\/\/monsieurbataillie.com\/index.php\/wp-json\/wp\/v2\/media?parent=2487"}],"curies":[{"name":"wp","href":"https:\/\/api.w.org\/{rel}","templated":true}]}}